{"id":245,"date":"2025-03-05T15:09:09","date_gmt":"2025-03-05T15:09:09","guid":{"rendered":"https:\/\/conxsolucoes.com.br\/consorcio360\/?page_id=245"},"modified":"2025-03-05T15:12:43","modified_gmt":"2025-03-05T15:12:43","slug":"agronegocio","status":"publish","type":"page","link":"https:\/\/conxsolucoes.com.br\/consorcio360\/agronegocio\/","title":{"rendered":"Agroneg\u00f3cio"},"content":{"rendered":"\t\t<div data-elementor-type=\"wp-page\" data-elementor-id=\"245\" class=\"elementor elementor-245\" data-elementor-post-type=\"page\">\n\t\t\t\t<div class=\"elementor-element elementor-element-0c04d98 e-flex e-con-boxed e-con e-parent\" data-id=\"0c04d98\" data-element_type=\"container\" data-e-type=\"container\">\n\t\t\t\t\t<div class=\"e-con-inner\">\n\t\t\t\t<div class=\"elementor-element elementor-element-a0934ba elementor-posts__hover-none elementor-grid-3 elementor-grid-tablet-2 elementor-grid-mobile-1 elementor-posts--thumbnail-top elementor-widget elementor-widget-posts\" data-id=\"a0934ba\" data-element_type=\"widget\" data-e-type=\"widget\" data-settings=\"{&quot;cards_row_gap&quot;:{&quot;unit&quot;:&quot;px&quot;,&quot;size&quot;:80,&quot;sizes&quot;:[]},&quot;cards_row_gap_tablet&quot;:{&quot;unit&quot;:&quot;px&quot;,&quot;size&quot;:71,&quot;sizes&quot;:[]},&quot;cards_row_gap_mobile&quot;:{&quot;unit&quot;:&quot;px&quot;,&quot;size&quot;:30,&quot;sizes&quot;:[]},&quot;cards_columns&quot;:&quot;3&quot;,&quot;cards_columns_tablet&quot;:&quot;2&quot;,&quot;cards_columns_mobile&quot;:&quot;1&quot;}\" data-widget_type=\"posts.cards\">\n\t\t\t\t<div class=\"elementor-widget-container\">\n\t\t\t\t\t\t\t<div class=\"elementor-posts-container elementor-posts elementor-posts--skin-cards elementor-grid\" role=\"list\">\n\t\t\t\t<article class=\"elementor-post elementor-grid-item post-358 post type-post status-publish format-standard has-post-thumbnail hentry category-agronegocio category-blog\" role=\"listitem\">\n\t\t\t<div class=\"elementor-post__card\">\n\t\t\t\t<a class=\"elementor-post__thumbnail__link\" href=\"https:\/\/conxsolucoes.com.br\/consorcio360\/por-que-vendedores-de-consorcio-que-entendem-o-agronegocio-fecham-mais-vendas\/\" tabindex=\"-1\" ><div class=\"elementor-post__thumbnail\"><img fetchpriority=\"high\" decoding=\"async\" width=\"600\" height=\"337\" src=\"https:\/\/conxsolucoes.com.br\/consorcio360\/wp-content\/uploads\/2025\/04\/agronegocio.webp\" class=\"attachment-full size-full wp-image-361\" alt=\"Descubra como vendedores de cons\u00f3rcio que dominam o agroneg\u00f3cio est\u00e3o fechando neg\u00f3cios de alto valor e construindo uma carteira s\u00f3lida de clientes.\" srcset=\"https:\/\/conxsolucoes.com.br\/consorcio360\/wp-content\/uploads\/2025\/04\/agronegocio.webp 600w, https:\/\/conxsolucoes.com.br\/consorcio360\/wp-content\/uploads\/2025\/04\/agronegocio-300x169.webp 300w\" sizes=\"(max-width: 600px) 100vw, 600px\" \/><\/div><\/a>\n\t\t\t\t<div class=\"elementor-post__text\">\n\t\t\t\t<h4 class=\"elementor-post__title\">\n\t\t\t<a href=\"https:\/\/conxsolucoes.com.br\/consorcio360\/por-que-vendedores-de-consorcio-que-entendem-o-agronegocio-fecham-mais-vendas\/\" >\n\t\t\t\tPor Que Vendedores de Cons\u00f3rcio Que Entendem o Agroneg\u00f3cio Fecham Mais Vendas?\t\t\t<\/a>\n\t\t<\/h4>\n\t\t\t\t<div class=\"elementor-post__excerpt\">\n\t\t\t<p>O agroneg\u00f3cio brasileiro movimenta bilh\u00f5es de reais todos os anos e cresce em ritmo acelerado. S\u00f3 em 2025, a produtividade<\/p>\n\t\t<\/div>\n\t\t\n\t\t<a class=\"elementor-post__read-more\" href=\"https:\/\/conxsolucoes.com.br\/consorcio360\/por-que-vendedores-de-consorcio-que-entendem-o-agronegocio-fecham-mais-vendas\/\" aria-label=\"Leia mais sobre Por Que Vendedores de Cons\u00f3rcio Que Entendem o Agroneg\u00f3cio Fecham Mais Vendas?\" tabindex=\"-1\" >\n\t\t\tLeia Mais\t\t<\/a>\n\n\t\t\t\t<\/div>\n\t\t\t\t\t<\/div>\n\t\t<\/article>\n\t\t\t\t<article class=\"elementor-post elementor-grid-item post-312 post type-post status-publish format-standard has-post-thumbnail hentry category-agronegocio category-tecnicas-de-venda\" role=\"listitem\">\n\t\t\t<div class=\"elementor-post__card\">\n\t\t\t\t<a class=\"elementor-post__thumbnail__link\" href=\"https:\/\/conxsolucoes.com.br\/consorcio360\/como-adaptar-seu-pitch-de-vendas-de-consorcio-para-o-agronegocio\/\" tabindex=\"-1\" ><div class=\"elementor-post__thumbnail\"><img decoding=\"async\" width=\"1200\" height=\"675\" src=\"https:\/\/conxsolucoes.com.br\/consorcio360\/wp-content\/uploads\/2025\/03\/Agro-brasileiro-e-muito-maior-do-que-e-reconhecido0124720500202310300906-ScaleDownProportional.webp\" class=\"attachment-full size-full wp-image-315\" alt=\"Descubra como adaptar seu pitch de vendas de cons\u00f3rcio para o agroneg\u00f3cio e aumentar suas convers\u00f5es. Aprenda estrat\u00e9gias para abordar produtores rurais e fechar mais neg\u00f3cios.\" srcset=\"https:\/\/conxsolucoes.com.br\/consorcio360\/wp-content\/uploads\/2025\/03\/Agro-brasileiro-e-muito-maior-do-que-e-reconhecido0124720500202310300906-ScaleDownProportional.webp 1200w, https:\/\/conxsolucoes.com.br\/consorcio360\/wp-content\/uploads\/2025\/03\/Agro-brasileiro-e-muito-maior-do-que-e-reconhecido0124720500202310300906-ScaleDownProportional-300x169.webp 300w, https:\/\/conxsolucoes.com.br\/consorcio360\/wp-content\/uploads\/2025\/03\/Agro-brasileiro-e-muito-maior-do-que-e-reconhecido0124720500202310300906-ScaleDownProportional-1024x576.webp 1024w, https:\/\/conxsolucoes.com.br\/consorcio360\/wp-content\/uploads\/2025\/03\/Agro-brasileiro-e-muito-maior-do-que-e-reconhecido0124720500202310300906-ScaleDownProportional-768x432.webp 768w\" sizes=\"(max-width: 1200px) 100vw, 1200px\" \/><\/div><\/a>\n\t\t\t\t<div class=\"elementor-post__text\">\n\t\t\t\t<h4 class=\"elementor-post__title\">\n\t\t\t<a href=\"https:\/\/conxsolucoes.com.br\/consorcio360\/como-adaptar-seu-pitch-de-vendas-de-consorcio-para-o-agronegocio\/\" >\n\t\t\t\tComo Adaptar Seu Pitch de Vendas de Cons\u00f3rcio para o Agroneg\u00f3cio\t\t\t<\/a>\n\t\t<\/h4>\n\t\t\t\t<div class=\"elementor-post__excerpt\">\n\t\t\t<p>O agroneg\u00f3cio \u00e9 um dos setores mais promissores para a venda de cons\u00f3rcios, mas exige um pitch de vendas bem<\/p>\n\t\t<\/div>\n\t\t\n\t\t<a class=\"elementor-post__read-more\" href=\"https:\/\/conxsolucoes.com.br\/consorcio360\/como-adaptar-seu-pitch-de-vendas-de-consorcio-para-o-agronegocio\/\" aria-label=\"Leia mais sobre Como Adaptar Seu Pitch de Vendas de Cons\u00f3rcio para o Agroneg\u00f3cio\" tabindex=\"-1\" >\n\t\t\tLeia Mais\t\t<\/a>\n\n\t\t\t\t<\/div>\n\t\t\t\t\t<\/div>\n\t\t<\/article>\n\t\t\t\t<article class=\"elementor-post elementor-grid-item post-209 post type-post status-publish format-standard has-post-thumbnail hentry category-agronegocio\" role=\"listitem\">\n\t\t\t<div class=\"elementor-post__card\">\n\t\t\t\t<a class=\"elementor-post__thumbnail__link\" href=\"https:\/\/conxsolucoes.com.br\/consorcio360\/produtividade-da-safrinha-de-milho-deve-subir-117-em-2025-confira-as-estimativas-por-estado\/\" tabindex=\"-1\" ><div class=\"elementor-post__thumbnail\"><img decoding=\"async\" width=\"700\" height=\"400\" src=\"https:\/\/conxsolucoes.com.br\/consorcio360\/wp-content\/uploads\/2025\/03\/milho-safrinha.webp\" class=\"attachment-full size-full wp-image-212\" alt=\"Planta\u00e7\u00e3o de milho safrinha pronta para colheita, representando o crescimento da produtividade no Brasil em 2025.\" srcset=\"https:\/\/conxsolucoes.com.br\/consorcio360\/wp-content\/uploads\/2025\/03\/milho-safrinha.webp 700w, https:\/\/conxsolucoes.com.br\/consorcio360\/wp-content\/uploads\/2025\/03\/milho-safrinha-300x171.webp 300w\" sizes=\"(max-width: 700px) 100vw, 700px\" \/><\/div><\/a>\n\t\t\t\t<div class=\"elementor-post__text\">\n\t\t\t\t<h4 class=\"elementor-post__title\">\n\t\t\t<a href=\"https:\/\/conxsolucoes.com.br\/consorcio360\/produtividade-da-safrinha-de-milho-deve-subir-117-em-2025-confira-as-estimativas-por-estado\/\" >\n\t\t\t\tProdutividade da Safrinha de Milho Deve Subir 11,7% em 2025 \u2013 Confira as Estimativas por Estado\t\t\t<\/a>\n\t\t<\/h4>\n\t\t\t\t<div class=\"elementor-post__excerpt\">\n\t\t\t<p>A produ\u00e7\u00e3o de milho safrinha no Brasil deve apresentar um crescimento significativo em 2025, com um aumento projetado de 11,7%<\/p>\n\t\t<\/div>\n\t\t\n\t\t<a class=\"elementor-post__read-more\" href=\"https:\/\/conxsolucoes.com.br\/consorcio360\/produtividade-da-safrinha-de-milho-deve-subir-117-em-2025-confira-as-estimativas-por-estado\/\" aria-label=\"Leia mais sobre Produtividade da Safrinha de Milho Deve Subir 11,7% em 2025 \u2013 Confira as Estimativas por Estado\" tabindex=\"-1\" >\n\t\t\tLeia Mais\t\t<\/a>\n\n\t\t\t\t<\/div>\n\t\t\t\t\t<\/div>\n\t\t<\/article>\n\t\t\t\t<article class=\"elementor-post elementor-grid-item post-199 post type-post status-publish format-standard has-post-thumbnail hentry category-agronegocio\" role=\"listitem\">\n\t\t\t<div class=\"elementor-post__card\">\n\t\t\t\t<a class=\"elementor-post__thumbnail__link\" href=\"https:\/\/conxsolucoes.com.br\/consorcio360\/setor-de-bioinsumos-deve-ultrapassar-r-9-bilhoes-ate-2030-com-crescimento-de-60\/\" tabindex=\"-1\" ><div class=\"elementor-post__thumbnail\"><img loading=\"lazy\" decoding=\"async\" width=\"1024\" height=\"768\" src=\"https:\/\/conxsolucoes.com.br\/consorcio360\/wp-content\/uploads\/2025\/03\/bioinsumos.webp\" class=\"attachment-full size-full wp-image-202\" alt=\"Cientista analisando bioinsumos em laborat\u00f3rio, representando o crescimento do setor e sua import\u00e2ncia para a agricultura sustent\u00e1vel.\" srcset=\"https:\/\/conxsolucoes.com.br\/consorcio360\/wp-content\/uploads\/2025\/03\/bioinsumos.webp 1024w, https:\/\/conxsolucoes.com.br\/consorcio360\/wp-content\/uploads\/2025\/03\/bioinsumos-300x225.webp 300w, https:\/\/conxsolucoes.com.br\/consorcio360\/wp-content\/uploads\/2025\/03\/bioinsumos-768x576.webp 768w\" sizes=\"(max-width: 1024px) 100vw, 1024px\" \/><\/div><\/a>\n\t\t\t\t<div class=\"elementor-post__text\">\n\t\t\t\t<h4 class=\"elementor-post__title\">\n\t\t\t<a href=\"https:\/\/conxsolucoes.com.br\/consorcio360\/setor-de-bioinsumos-deve-ultrapassar-r-9-bilhoes-ate-2030-com-crescimento-de-60\/\" >\n\t\t\t\tSetor de Bioinsumos Deve Ultrapassar R$ 9 Bilh\u00f5es At\u00e9 2030 com Crescimento de 60%\t\t\t<\/a>\n\t\t<\/h4>\n\t\t\t\t<div class=\"elementor-post__excerpt\">\n\t\t\t<p>O mercado de bioinsumos no Brasil est\u00e1 em franca expans\u00e3o e deve ultrapassar R$ 9 bilh\u00f5es at\u00e9 2030, um crescimento<\/p>\n\t\t<\/div>\n\t\t\n\t\t<a class=\"elementor-post__read-more\" href=\"https:\/\/conxsolucoes.com.br\/consorcio360\/setor-de-bioinsumos-deve-ultrapassar-r-9-bilhoes-ate-2030-com-crescimento-de-60\/\" aria-label=\"Leia mais sobre Setor de Bioinsumos Deve Ultrapassar R$ 9 Bilh\u00f5es At\u00e9 2030 com Crescimento de 60%\" tabindex=\"-1\" >\n\t\t\tLeia Mais\t\t<\/a>\n\n\t\t\t\t<\/div>\n\t\t\t\t\t<\/div>\n\t\t<\/article>\n\t\t\t\t<\/div>\n\t\t\n\t\t\t\t\t\t<\/div>\n\t\t\t\t<\/div>\n\t\t\t\t\t<\/div>\n\t\t\t\t<\/div>\n\t\t\t\t<\/div>\n\t\t","protected":false},"excerpt":{"rendered":"","protected":false},"author":1,"featured_media":0,"parent":0,"menu_order":0,"comment_status":"closed","ping_status":"closed","template":"","meta":{"om_disable_all_campaigns":false,"_monsterinsights_skip_tracking":false,"_monsterinsights_sitenote_active":false,"_monsterinsights_sitenote_note":"","_monsterinsights_sitenote_category":0,"footnotes":""},"class_list":["post-245","page","type-page","status-publish","hentry"],"aioseo_notices":[],"_links":{"self":[{"href":"https:\/\/conxsolucoes.com.br\/consorcio360\/wp-json\/wp\/v2\/pages\/245","targetHints":{"allow":["GET"]}}],"collection":[{"href":"https:\/\/conxsolucoes.com.br\/consorcio360\/wp-json\/wp\/v2\/pages"}],"about":[{"href":"https:\/\/conxsolucoes.com.br\/consorcio360\/wp-json\/wp\/v2\/types\/page"}],"author":[{"embeddable":true,"href":"https:\/\/conxsolucoes.com.br\/consorcio360\/wp-json\/wp\/v2\/users\/1"}],"replies":[{"embeddable":true,"href":"https:\/\/conxsolucoes.com.br\/consorcio360\/wp-json\/wp\/v2\/comments?post=245"}],"version-history":[{"count":6,"href":"https:\/\/conxsolucoes.com.br\/consorcio360\/wp-json\/wp\/v2\/pages\/245\/revisions"}],"predecessor-version":[{"id":508,"href":"https:\/\/conxsolucoes.com.br\/consorcio360\/wp-json\/wp\/v2\/pages\/245\/revisions\/508"}],"wp:attachment":[{"href":"https:\/\/conxsolucoes.com.br\/consorcio360\/wp-json\/wp\/v2\/media?parent=245"}],"curies":[{"name":"wp","href":"https:\/\/api.w.org\/{rel}","templated":true}]}}