{"id":265,"date":"2025-03-05T15:19:57","date_gmt":"2025-03-05T15:19:57","guid":{"rendered":"https:\/\/conxsolucoes.com.br\/consorcio360\/?page_id=265"},"modified":"2025-03-05T15:23:03","modified_gmt":"2025-03-05T15:23:03","slug":"tecnicas-de-venda","status":"publish","type":"page","link":"https:\/\/conxsolucoes.com.br\/consorcio360\/tecnicas-de-venda\/","title":{"rendered":"T\u00e9cnicas de Venda"},"content":{"rendered":"\t\t<div data-elementor-type=\"wp-page\" data-elementor-id=\"265\" class=\"elementor elementor-265\" data-elementor-post-type=\"page\">\n\t\t\t\t<div class=\"elementor-element elementor-element-0c04d98 e-flex e-con-boxed e-con e-parent\" data-id=\"0c04d98\" data-element_type=\"container\" data-e-type=\"container\">\n\t\t\t\t\t<div class=\"e-con-inner\">\n\t\t\t\t<div class=\"elementor-element elementor-element-a0934ba elementor-posts__hover-none elementor-grid-3 elementor-grid-tablet-2 elementor-grid-mobile-1 elementor-posts--thumbnail-top elementor-widget elementor-widget-posts\" data-id=\"a0934ba\" data-element_type=\"widget\" data-e-type=\"widget\" data-settings=\"{&quot;cards_row_gap&quot;:{&quot;unit&quot;:&quot;px&quot;,&quot;size&quot;:80,&quot;sizes&quot;:[]},&quot;cards_row_gap_tablet&quot;:{&quot;unit&quot;:&quot;px&quot;,&quot;size&quot;:71,&quot;sizes&quot;:[]},&quot;cards_row_gap_mobile&quot;:{&quot;unit&quot;:&quot;px&quot;,&quot;size&quot;:30,&quot;sizes&quot;:[]},&quot;cards_columns&quot;:&quot;3&quot;,&quot;cards_columns_tablet&quot;:&quot;2&quot;,&quot;cards_columns_mobile&quot;:&quot;1&quot;}\" data-widget_type=\"posts.cards\">\n\t\t\t\t<div class=\"elementor-widget-container\">\n\t\t\t\t\t\t\t<div class=\"elementor-posts-container elementor-posts elementor-posts--skin-cards elementor-grid\" role=\"list\">\n\t\t\t\t<article class=\"elementor-post elementor-grid-item post-443 post type-post status-publish format-standard has-post-thumbnail hentry category-a-conx category-tecnicas-de-venda\" role=\"listitem\">\n\t\t\t<div class=\"elementor-post__card\">\n\t\t\t\t<a class=\"elementor-post__thumbnail__link\" href=\"https:\/\/conxsolucoes.com.br\/consorcio360\/tipos-de-grupos-de-consorcio-como-escolher-o-certo-para-cada-cliente\/\" tabindex=\"-1\" ><div class=\"elementor-post__thumbnail\"><img fetchpriority=\"high\" decoding=\"async\" width=\"740\" height=\"493\" src=\"https:\/\/conxsolucoes.com.br\/consorcio360\/wp-content\/uploads\/2025\/07\/conx-santander-.avif\" class=\"attachment-full size-full wp-image-445\" alt=\"Voc\u00ea sabe a diferen\u00e7a entre grupo em forma\u00e7\u00e3o e grupo em andamento no cons\u00f3rcio Santander? Descubra como escolher o grupo ideal e vender com mais seguran\u00e7a.\" srcset=\"https:\/\/conxsolucoes.com.br\/consorcio360\/wp-content\/uploads\/2025\/07\/conx-santander-.avif 740w, https:\/\/conxsolucoes.com.br\/consorcio360\/wp-content\/uploads\/2025\/07\/conx-santander--300x200.avif 300w\" sizes=\"(max-width: 740px) 100vw, 740px\" \/><\/div><\/a>\n\t\t\t\t<div class=\"elementor-post__text\">\n\t\t\t\t<h4 class=\"elementor-post__title\">\n\t\t\t<a href=\"https:\/\/conxsolucoes.com.br\/consorcio360\/tipos-de-grupos-de-consorcio-como-escolher-o-certo-para-cada-cliente\/\" >\n\t\t\t\tTipos de grupos de cons\u00f3rcio: como escolher o certo para cada cliente\t\t\t<\/a>\n\t\t<\/h4>\n\t\t\t\t<div class=\"elementor-post__excerpt\">\n\t\t\t<p>Tipos de grupos no cons\u00f3rcio s\u00e3o uma das primeiras coisas que um vendedor precisa dominar. Quem entende essa l\u00f3gica tem<\/p>\n\t\t<\/div>\n\t\t\n\t\t<a class=\"elementor-post__read-more\" href=\"https:\/\/conxsolucoes.com.br\/consorcio360\/tipos-de-grupos-de-consorcio-como-escolher-o-certo-para-cada-cliente\/\" aria-label=\"Leia mais sobre Tipos de grupos de cons\u00f3rcio: como escolher o certo para cada cliente\" tabindex=\"-1\" >\n\t\t\tLeia Mais\t\t<\/a>\n\n\t\t\t\t<\/div>\n\t\t\t\t\t<\/div>\n\t\t<\/article>\n\t\t\t\t<article class=\"elementor-post elementor-grid-item post-435 post type-post status-publish format-standard has-post-thumbnail hentry category-a-conx category-tecnicas-de-venda\" role=\"listitem\">\n\t\t\t<div class=\"elementor-post__card\">\n\t\t\t\t<a class=\"elementor-post__thumbnail__link\" href=\"https:\/\/conxsolucoes.com.br\/consorcio360\/contemplacao-por-lance-o-que-todo-vendedor-de-consorcio-santander-precisa-saber-para-explicar-com-seguranca\/\" tabindex=\"-1\" ><div class=\"elementor-post__thumbnail\"><img decoding=\"async\" width=\"1200\" height=\"628\" src=\"https:\/\/conxsolucoes.com.br\/consorcio360\/wp-content\/uploads\/2025\/07\/imagem_escritorio_wordpress_1200x628.webp\" class=\"attachment-full size-full wp-image-437\" alt=\"Entenda como funciona a contempla\u00e7\u00e3o por lance no Cons\u00f3rcio Santander e aprenda a explicar com clareza as tr\u00eas formas de oferta ao cliente.\" srcset=\"https:\/\/conxsolucoes.com.br\/consorcio360\/wp-content\/uploads\/2025\/07\/imagem_escritorio_wordpress_1200x628.webp 1200w, https:\/\/conxsolucoes.com.br\/consorcio360\/wp-content\/uploads\/2025\/07\/imagem_escritorio_wordpress_1200x628-300x157.webp 300w, https:\/\/conxsolucoes.com.br\/consorcio360\/wp-content\/uploads\/2025\/07\/imagem_escritorio_wordpress_1200x628-1024x536.webp 1024w, https:\/\/conxsolucoes.com.br\/consorcio360\/wp-content\/uploads\/2025\/07\/imagem_escritorio_wordpress_1200x628-768x402.webp 768w\" sizes=\"(max-width: 1200px) 100vw, 1200px\" \/><\/div><\/a>\n\t\t\t\t<div class=\"elementor-post__text\">\n\t\t\t\t<h4 class=\"elementor-post__title\">\n\t\t\t<a href=\"https:\/\/conxsolucoes.com.br\/consorcio360\/contemplacao-por-lance-o-que-todo-vendedor-de-consorcio-santander-precisa-saber-para-explicar-com-seguranca\/\" >\n\t\t\t\tContempla\u00e7\u00e3o por lance: o que todo vendedor de cons\u00f3rcio Santander precisa saber para explicar com seguran\u00e7a\t\t\t<\/a>\n\t\t<\/h4>\n\t\t\t\t<div class=\"elementor-post__excerpt\">\n\t\t\t<p>A contempla\u00e7\u00e3o por lance ainda \u00e9 um dos assuntos que mais geram d\u00favidas, tanto no cliente quanto em muitos vendedores.<\/p>\n\t\t<\/div>\n\t\t\n\t\t<a class=\"elementor-post__read-more\" href=\"https:\/\/conxsolucoes.com.br\/consorcio360\/contemplacao-por-lance-o-que-todo-vendedor-de-consorcio-santander-precisa-saber-para-explicar-com-seguranca\/\" aria-label=\"Leia mais sobre Contempla\u00e7\u00e3o por lance: o que todo vendedor de cons\u00f3rcio Santander precisa saber para explicar com seguran\u00e7a\" tabindex=\"-1\" >\n\t\t\tLeia Mais\t\t<\/a>\n\n\t\t\t\t<\/div>\n\t\t\t\t\t<\/div>\n\t\t<\/article>\n\t\t\t\t<article class=\"elementor-post elementor-grid-item post-429 post type-post status-publish format-standard has-post-thumbnail hentry category-a-conx category-tecnicas-de-venda\" role=\"listitem\">\n\t\t\t<div class=\"elementor-post__card\">\n\t\t\t\t<a class=\"elementor-post__thumbnail__link\" href=\"https:\/\/conxsolucoes.com.br\/consorcio360\/o-que-sao-as-taxas-do-consorcio-santander-entenda-antes-de-vender-ou-contratar\/\" tabindex=\"-1\" ><div class=\"elementor-post__thumbnail\"><img decoding=\"async\" width=\"1920\" height=\"1280\" src=\"https:\/\/conxsolucoes.com.br\/consorcio360\/wp-content\/uploads\/2025\/06\/homem-de-negocios-proprietario-da-empresa-no-escritorio-scaled.webp\" class=\"attachment-full size-full wp-image-431\" alt=\"Consultor financeiro explicando taxas de cons\u00f3rcio para cliente em reuni\u00e3o profissional\" srcset=\"https:\/\/conxsolucoes.com.br\/consorcio360\/wp-content\/uploads\/2025\/06\/homem-de-negocios-proprietario-da-empresa-no-escritorio-scaled.webp 1920w, https:\/\/conxsolucoes.com.br\/consorcio360\/wp-content\/uploads\/2025\/06\/homem-de-negocios-proprietario-da-empresa-no-escritorio-300x200.webp 300w, https:\/\/conxsolucoes.com.br\/consorcio360\/wp-content\/uploads\/2025\/06\/homem-de-negocios-proprietario-da-empresa-no-escritorio-1024x683.webp 1024w, https:\/\/conxsolucoes.com.br\/consorcio360\/wp-content\/uploads\/2025\/06\/homem-de-negocios-proprietario-da-empresa-no-escritorio-768x512.jpg 768w, https:\/\/conxsolucoes.com.br\/consorcio360\/wp-content\/uploads\/2025\/06\/homem-de-negocios-proprietario-da-empresa-no-escritorio-1536x1024.jpg 1536w, https:\/\/conxsolucoes.com.br\/consorcio360\/wp-content\/uploads\/2025\/06\/homem-de-negocios-proprietario-da-empresa-no-escritorio-2048x1365.jpg 2048w\" sizes=\"(max-width: 1920px) 100vw, 1920px\" \/><\/div><\/a>\n\t\t\t\t<div class=\"elementor-post__text\">\n\t\t\t\t<h4 class=\"elementor-post__title\">\n\t\t\t<a href=\"https:\/\/conxsolucoes.com.br\/consorcio360\/o-que-sao-as-taxas-do-consorcio-santander-entenda-antes-de-vender-ou-contratar\/\" >\n\t\t\t\tO que s\u00e3o as taxas do Cons\u00f3rcio Santander? Entenda antes de vender\t\t\t<\/a>\n\t\t<\/h4>\n\t\t\t\t<div class=\"elementor-post__excerpt\">\n\t\t\t<p>Quando falamos em cons\u00f3rcio, \u00e9 comum que clientes tenham d\u00favidas sobre os custos envolvidos. E n\u00e3o \u00e9 por acaso: entender<\/p>\n\t\t<\/div>\n\t\t\n\t\t<a class=\"elementor-post__read-more\" href=\"https:\/\/conxsolucoes.com.br\/consorcio360\/o-que-sao-as-taxas-do-consorcio-santander-entenda-antes-de-vender-ou-contratar\/\" aria-label=\"Leia mais sobre O que s\u00e3o as taxas do Cons\u00f3rcio Santander? Entenda antes de vender\" tabindex=\"-1\" >\n\t\t\tLeia Mais\t\t<\/a>\n\n\t\t\t\t<\/div>\n\t\t\t\t\t<\/div>\n\t\t<\/article>\n\t\t\t\t<article class=\"elementor-post elementor-grid-item post-425 post type-post status-publish format-standard has-post-thumbnail hentry category-a-conx category-blog category-tecnicas-de-venda\" role=\"listitem\">\n\t\t\t<div class=\"elementor-post__card\">\n\t\t\t\t<a class=\"elementor-post__thumbnail__link\" href=\"https:\/\/conxsolucoes.com.br\/consorcio360\/como-apresentar-o-consorcio-santander-com-autoridade-e-vender-seguranca-patrimonio-e-planejamento\/\" tabindex=\"-1\" ><div class=\"elementor-post__thumbnail\"><img loading=\"lazy\" decoding=\"async\" width=\"1200\" height=\"800\" src=\"https:\/\/conxsolucoes.com.br\/consorcio360\/wp-content\/uploads\/2025\/06\/santander.webp\" class=\"attachment-full size-full wp-image-428\" alt=\"13 diferenciais do Cons\u00f3rcio Santander para voc\u00ea apresentar aos seus clientes e vender com mais autoridade\" srcset=\"https:\/\/conxsolucoes.com.br\/consorcio360\/wp-content\/uploads\/2025\/06\/santander.webp 1200w, https:\/\/conxsolucoes.com.br\/consorcio360\/wp-content\/uploads\/2025\/06\/santander-300x200.webp 300w, https:\/\/conxsolucoes.com.br\/consorcio360\/wp-content\/uploads\/2025\/06\/santander-1024x683.webp 1024w, https:\/\/conxsolucoes.com.br\/consorcio360\/wp-content\/uploads\/2025\/06\/santander-768x512.webp 768w\" sizes=\"(max-width: 1200px) 100vw, 1200px\" \/><\/div><\/a>\n\t\t\t\t<div class=\"elementor-post__text\">\n\t\t\t\t<h4 class=\"elementor-post__title\">\n\t\t\t<a href=\"https:\/\/conxsolucoes.com.br\/consorcio360\/como-apresentar-o-consorcio-santander-com-autoridade-e-vender-seguranca-patrimonio-e-planejamento\/\" >\n\t\t\t\tComo apresentar o Cons\u00f3rcio Santander com autoridade e vender seguran\u00e7a, patrim\u00f4nio e planejamento\t\t\t<\/a>\n\t\t<\/h4>\n\t\t\t\t<div class=\"elementor-post__excerpt\">\n\t\t\t<p>Se voc\u00ea trabalha com vendas de cons\u00f3rcio, j\u00e1 sabe: n\u00e3o se trata apenas de vender uma carta de cr\u00e9dito, mas<\/p>\n\t\t<\/div>\n\t\t\n\t\t<a class=\"elementor-post__read-more\" href=\"https:\/\/conxsolucoes.com.br\/consorcio360\/como-apresentar-o-consorcio-santander-com-autoridade-e-vender-seguranca-patrimonio-e-planejamento\/\" aria-label=\"Leia mais sobre Como apresentar o Cons\u00f3rcio Santander com autoridade e vender seguran\u00e7a, patrim\u00f4nio e planejamento\" tabindex=\"-1\" >\n\t\t\tLeia Mais\t\t<\/a>\n\n\t\t\t\t<\/div>\n\t\t\t\t\t<\/div>\n\t\t<\/article>\n\t\t\t\t<article class=\"elementor-post elementor-grid-item post-411 post type-post status-publish format-standard has-post-thumbnail hentry category-blog category-tecnicas-de-venda\" role=\"listitem\">\n\t\t\t<div class=\"elementor-post__card\">\n\t\t\t\t<a class=\"elementor-post__thumbnail__link\" href=\"https:\/\/conxsolucoes.com.br\/consorcio360\/disciplina-nas-vendas-de-consorcio-o-segredo-da-consistencia-nos-resultados\/\" tabindex=\"-1\" ><div class=\"elementor-post__thumbnail\"><img loading=\"lazy\" decoding=\"async\" width=\"1920\" height=\"1080\" src=\"https:\/\/conxsolucoes.com.br\/consorcio360\/wp-content\/uploads\/2025\/05\/Design-sem-nome-1-1.webp\" class=\"attachment-full size-full wp-image-413\" alt=\"Motiva\u00e7\u00e3o oscila. \u00c9 a disciplina que sustenta o vendedor de cons\u00f3rcio. Veja como a rotina bem estruturada influencia diretamente seus resultados.\" srcset=\"https:\/\/conxsolucoes.com.br\/consorcio360\/wp-content\/uploads\/2025\/05\/Design-sem-nome-1-1.webp 1920w, https:\/\/conxsolucoes.com.br\/consorcio360\/wp-content\/uploads\/2025\/05\/Design-sem-nome-1-1-300x169.webp 300w, https:\/\/conxsolucoes.com.br\/consorcio360\/wp-content\/uploads\/2025\/05\/Design-sem-nome-1-1-1024x576.webp 1024w, https:\/\/conxsolucoes.com.br\/consorcio360\/wp-content\/uploads\/2025\/05\/Design-sem-nome-1-1-768x432.webp 768w, https:\/\/conxsolucoes.com.br\/consorcio360\/wp-content\/uploads\/2025\/05\/Design-sem-nome-1-1-1536x864.webp 1536w\" sizes=\"(max-width: 1920px) 100vw, 1920px\" \/><\/div><\/a>\n\t\t\t\t<div class=\"elementor-post__text\">\n\t\t\t\t<h4 class=\"elementor-post__title\">\n\t\t\t<a href=\"https:\/\/conxsolucoes.com.br\/consorcio360\/disciplina-nas-vendas-de-consorcio-o-segredo-da-consistencia-nos-resultados\/\" >\n\t\t\t\tDisciplina nas vendas de cons\u00f3rcio: o segredo da consist\u00eancia nos resultados\t\t\t<\/a>\n\t\t<\/h4>\n\t\t\t\t<div class=\"elementor-post__excerpt\">\n\t\t\t<p>Motiva\u00e7\u00e3o \u00e9 boa, mas inst\u00e1vel. A verdadeira base para resultados s\u00f3lidos nas vendas de cons\u00f3rcio \u00e9 a disciplina \u2014 e<\/p>\n\t\t<\/div>\n\t\t\n\t\t<a class=\"elementor-post__read-more\" href=\"https:\/\/conxsolucoes.com.br\/consorcio360\/disciplina-nas-vendas-de-consorcio-o-segredo-da-consistencia-nos-resultados\/\" aria-label=\"Leia mais sobre Disciplina nas vendas de cons\u00f3rcio: o segredo da consist\u00eancia nos resultados\" tabindex=\"-1\" >\n\t\t\tLeia Mais\t\t<\/a>\n\n\t\t\t\t<\/div>\n\t\t\t\t\t<\/div>\n\t\t<\/article>\n\t\t\t\t<article class=\"elementor-post elementor-grid-item post-408 post type-post status-publish format-standard has-post-thumbnail hentry category-blog category-tecnicas-de-venda\" role=\"listitem\">\n\t\t\t<div class=\"elementor-post__card\">\n\t\t\t\t<a class=\"elementor-post__thumbnail__link\" href=\"https:\/\/conxsolucoes.com.br\/consorcio360\/o-que-separa-um-bom-vendedor-de-consorcio-de-um-profissional-de-alta-performance\/\" tabindex=\"-1\" ><div class=\"elementor-post__thumbnail\"><img loading=\"lazy\" decoding=\"async\" width=\"1920\" height=\"1080\" src=\"https:\/\/conxsolucoes.com.br\/consorcio360\/wp-content\/uploads\/2025\/05\/Design-sem-nome-1.webp\" class=\"attachment-full size-full wp-image-410\" alt=\"Ser um bom vendedor de cons\u00f3rcio n\u00e3o \u00e9 suficiente. Descubra o que diferencia quem apenas vende de quem constr\u00f3i reputa\u00e7\u00e3o e vive com consist\u00eancia dessa profiss\u00e3o.\" srcset=\"https:\/\/conxsolucoes.com.br\/consorcio360\/wp-content\/uploads\/2025\/05\/Design-sem-nome-1.webp 1920w, https:\/\/conxsolucoes.com.br\/consorcio360\/wp-content\/uploads\/2025\/05\/Design-sem-nome-1-300x169.webp 300w, https:\/\/conxsolucoes.com.br\/consorcio360\/wp-content\/uploads\/2025\/05\/Design-sem-nome-1-1024x576.webp 1024w, https:\/\/conxsolucoes.com.br\/consorcio360\/wp-content\/uploads\/2025\/05\/Design-sem-nome-1-768x432.webp 768w, https:\/\/conxsolucoes.com.br\/consorcio360\/wp-content\/uploads\/2025\/05\/Design-sem-nome-1-1536x864.webp 1536w\" sizes=\"(max-width: 1920px) 100vw, 1920px\" \/><\/div><\/a>\n\t\t\t\t<div class=\"elementor-post__text\">\n\t\t\t\t<h4 class=\"elementor-post__title\">\n\t\t\t<a href=\"https:\/\/conxsolucoes.com.br\/consorcio360\/o-que-separa-um-bom-vendedor-de-consorcio-de-um-profissional-de-alta-performance\/\" >\n\t\t\t\tO que separa um bom vendedor de cons\u00f3rcio de um profissional de alta performance\t\t\t<\/a>\n\t\t<\/h4>\n\t\t\t\t<div class=\"elementor-post__excerpt\">\n\t\t\t<p>Todo vendedor de cons\u00f3rcio come\u00e7a do mesmo ponto: conhecendo o produto, aprendendo a explicar o sistema, entendendo as obje\u00e7\u00f5es cl\u00e1ssicas.<\/p>\n\t\t<\/div>\n\t\t\n\t\t<a class=\"elementor-post__read-more\" href=\"https:\/\/conxsolucoes.com.br\/consorcio360\/o-que-separa-um-bom-vendedor-de-consorcio-de-um-profissional-de-alta-performance\/\" aria-label=\"Leia mais sobre O que separa um bom vendedor de cons\u00f3rcio de um profissional de alta performance\" tabindex=\"-1\" >\n\t\t\tLeia Mais\t\t<\/a>\n\n\t\t\t\t<\/div>\n\t\t\t\t\t<\/div>\n\t\t<\/article>\n\t\t\t\t<\/div>\n\t\t\n\t\t\t\t\t\t<\/div>\n\t\t\t\t<\/div>\n\t\t\t\t\t<\/div>\n\t\t\t\t<\/div>\n\t\t\t\t<\/div>\n\t\t","protected":false},"excerpt":{"rendered":"","protected":false},"author":1,"featured_media":0,"parent":0,"menu_order":0,"comment_status":"closed","ping_status":"closed","template":"","meta":{"om_disable_all_campaigns":false,"_monsterinsights_skip_tracking":false,"_monsterinsights_sitenote_active":false,"_monsterinsights_sitenote_note":"","_monsterinsights_sitenote_category":0,"footnotes":""},"class_list":["post-265","page","type-page","status-publish","hentry"],"aioseo_notices":[],"_links":{"self":[{"href":"https:\/\/conxsolucoes.com.br\/consorcio360\/wp-json\/wp\/v2\/pages\/265","targetHints":{"allow":["GET"]}}],"collection":[{"href":"https:\/\/conxsolucoes.com.br\/consorcio360\/wp-json\/wp\/v2\/pages"}],"about":[{"href":"https:\/\/conxsolucoes.com.br\/consorcio360\/wp-json\/wp\/v2\/types\/page"}],"author":[{"embeddable":true,"href":"https:\/\/conxsolucoes.com.br\/consorcio360\/wp-json\/wp\/v2\/users\/1"}],"replies":[{"embeddable":true,"href":"https:\/\/conxsolucoes.com.br\/consorcio360\/wp-json\/wp\/v2\/comments?post=265"}],"version-history":[{"count":11,"href":"https:\/\/conxsolucoes.com.br\/consorcio360\/wp-json\/wp\/v2\/pages\/265\/revisions"}],"predecessor-version":[{"id":280,"href":"https:\/\/conxsolucoes.com.br\/consorcio360\/wp-json\/wp\/v2\/pages\/265\/revisions\/280"}],"wp:attachment":[{"href":"https:\/\/conxsolucoes.com.br\/consorcio360\/wp-json\/wp\/v2\/media?parent=265"}],"curies":[{"name":"wp","href":"https:\/\/api.w.org\/{rel}","templated":true}]}}