{"id":281,"date":"2025-03-05T15:23:32","date_gmt":"2025-03-05T15:23:32","guid":{"rendered":"https:\/\/conxsolucoes.com.br\/consorcio360\/?page_id=281"},"modified":"2025-05-15T19:59:17","modified_gmt":"2025-05-15T19:59:17","slug":"economia","status":"publish","type":"page","link":"https:\/\/conxsolucoes.com.br\/consorcio360\/economia\/","title":{"rendered":"Economia"},"content":{"rendered":"\t\t<div data-elementor-type=\"wp-page\" data-elementor-id=\"281\" class=\"elementor elementor-281\" data-elementor-post-type=\"page\">\n\t\t\t\t<div class=\"elementor-element elementor-element-0c04d98 e-flex e-con-boxed e-con e-parent\" data-id=\"0c04d98\" data-element_type=\"container\" data-e-type=\"container\">\n\t\t\t\t\t<div class=\"e-con-inner\">\n\t\t\t\t<div class=\"elementor-element elementor-element-a0934ba elementor-posts__hover-none elementor-grid-3 elementor-grid-tablet-2 elementor-grid-mobile-1 elementor-posts--thumbnail-top elementor-widget elementor-widget-posts\" data-id=\"a0934ba\" data-element_type=\"widget\" data-e-type=\"widget\" data-settings=\"{&quot;cards_row_gap&quot;:{&quot;unit&quot;:&quot;px&quot;,&quot;size&quot;:80,&quot;sizes&quot;:[]},&quot;cards_row_gap_tablet&quot;:{&quot;unit&quot;:&quot;px&quot;,&quot;size&quot;:71,&quot;sizes&quot;:[]},&quot;cards_row_gap_mobile&quot;:{&quot;unit&quot;:&quot;px&quot;,&quot;size&quot;:30,&quot;sizes&quot;:[]},&quot;cards_columns&quot;:&quot;3&quot;,&quot;cards_columns_tablet&quot;:&quot;2&quot;,&quot;cards_columns_mobile&quot;:&quot;1&quot;}\" data-widget_type=\"posts.cards\">\n\t\t\t\t<div class=\"elementor-widget-container\">\n\t\t\t\t\t\t\t<div class=\"elementor-posts-container elementor-posts elementor-posts--skin-cards elementor-grid\" role=\"list\">\n\t\t\t\t<article class=\"elementor-post elementor-grid-item post-499 post type-post status-publish format-standard has-post-thumbnail hentry category-economia\" role=\"listitem\">\n\t\t\t<div class=\"elementor-post__card\">\n\t\t\t\t<a class=\"elementor-post__thumbnail__link\" href=\"https:\/\/conxsolucoes.com.br\/consorcio360\/consorcio-imobiliario-em-expansao-o-que-os-dados-da-abac-revelam-sobre-o-crescimento-e-o-novo-perfil-de-compra-no-brasil\/\" tabindex=\"-1\" ><div class=\"elementor-post__thumbnail\"><img fetchpriority=\"high\" decoding=\"async\" width=\"1152\" height=\"866\" src=\"https:\/\/conxsolucoes.com.br\/consorcio360\/wp-content\/uploads\/2026\/02\/4023684c-6ce3-42cb-a943-fb2a7cd5485f.webp\" class=\"attachment-full size-full wp-image-500\" alt=\"Cons\u00f3rcio imobili\u00e1rio cresce acima da m\u00e9dia em 2026. Veja os dados da ABAC e entenda por que a modalidade virou estrat\u00e9gia patrimonial no Brasil.\" srcset=\"https:\/\/conxsolucoes.com.br\/consorcio360\/wp-content\/uploads\/2026\/02\/4023684c-6ce3-42cb-a943-fb2a7cd5485f.webp 1152w, https:\/\/conxsolucoes.com.br\/consorcio360\/wp-content\/uploads\/2026\/02\/4023684c-6ce3-42cb-a943-fb2a7cd5485f-300x226.webp 300w, https:\/\/conxsolucoes.com.br\/consorcio360\/wp-content\/uploads\/2026\/02\/4023684c-6ce3-42cb-a943-fb2a7cd5485f-1024x770.webp 1024w, https:\/\/conxsolucoes.com.br\/consorcio360\/wp-content\/uploads\/2026\/02\/4023684c-6ce3-42cb-a943-fb2a7cd5485f-768x577.webp 768w\" sizes=\"(max-width: 1152px) 100vw, 1152px\" \/><\/div><\/a>\n\t\t\t\t<div class=\"elementor-post__text\">\n\t\t\t\t<h4 class=\"elementor-post__title\">\n\t\t\t<a href=\"https:\/\/conxsolucoes.com.br\/consorcio360\/consorcio-imobiliario-em-expansao-o-que-os-dados-da-abac-revelam-sobre-o-crescimento-e-o-novo-perfil-de-compra-no-brasil\/\" >\n\t\t\t\tCons\u00f3rcio imobili\u00e1rio em expans\u00e3o: O que os dados da ABAC revelam sobre o crescimento e o novo perfil de compra no Brasil\t\t\t<\/a>\n\t\t<\/h4>\n\t\t\t\t<div class=\"elementor-post__excerpt\">\n\t\t\t<p>O cons\u00f3rcio imobili\u00e1rio vive um dos seus momentos mais relevantes no Brasil. Em um cen\u00e1rio de juros elevados, cr\u00e9dito restrito<\/p>\n\t\t<\/div>\n\t\t\n\t\t<a class=\"elementor-post__read-more\" href=\"https:\/\/conxsolucoes.com.br\/consorcio360\/consorcio-imobiliario-em-expansao-o-que-os-dados-da-abac-revelam-sobre-o-crescimento-e-o-novo-perfil-de-compra-no-brasil\/\" aria-label=\"Leia mais sobre Cons\u00f3rcio imobili\u00e1rio em expans\u00e3o: O que os dados da ABAC revelam sobre o crescimento e o novo perfil de compra no Brasil\" tabindex=\"-1\" >\n\t\t\tLeia Mais\t\t<\/a>\n\n\t\t\t\t<\/div>\n\t\t\t\t\t<\/div>\n\t\t<\/article>\n\t\t\t\t<article class=\"elementor-post elementor-grid-item post-492 post type-post status-publish format-standard has-post-thumbnail hentry category-blog category-economia\" role=\"listitem\">\n\t\t\t<div class=\"elementor-post__card\">\n\t\t\t\t<a class=\"elementor-post__thumbnail__link\" href=\"https:\/\/conxsolucoes.com.br\/consorcio360\/selic-janeiro-de-2026-e-mantida-em-15-ao-ano\/\" tabindex=\"-1\" ><div class=\"elementor-post__thumbnail\"><img decoding=\"async\" width=\"1536\" height=\"1024\" src=\"https:\/\/conxsolucoes.com.br\/consorcio360\/wp-content\/uploads\/2026\/02\/juros.png\" class=\"attachment-full size-full wp-image-498\" alt=\"Imagem relacionada a taxa de juros, com moedas empilhadas e s\u00edmbolo percentual representando juros elevados no cen\u00e1rio financeiro.\" srcset=\"https:\/\/conxsolucoes.com.br\/consorcio360\/wp-content\/uploads\/2026\/02\/juros.png 1536w, https:\/\/conxsolucoes.com.br\/consorcio360\/wp-content\/uploads\/2026\/02\/juros-300x200.png 300w, https:\/\/conxsolucoes.com.br\/consorcio360\/wp-content\/uploads\/2026\/02\/juros-1024x683.png 1024w, https:\/\/conxsolucoes.com.br\/consorcio360\/wp-content\/uploads\/2026\/02\/juros-768x512.png 768w\" sizes=\"(max-width: 1536px) 100vw, 1536px\" \/><\/div><\/a>\n\t\t\t\t<div class=\"elementor-post__text\">\n\t\t\t\t<h4 class=\"elementor-post__title\">\n\t\t\t<a href=\"https:\/\/conxsolucoes.com.br\/consorcio360\/selic-janeiro-de-2026-e-mantida-em-15-ao-ano\/\" >\n\t\t\t\tSelic Janeiro de 2026 \u00e9 mantida em 15% ao ano\t\t\t<\/a>\n\t\t<\/h4>\n\t\t\t\t<div class=\"elementor-post__excerpt\">\n\t\t\t<p>Selic Janeiro de 2026: Na 276\u00aa reuni\u00e3o, realizada em janeiro de 2026, o Copom decidiu manter a taxa Selic em<\/p>\n\t\t<\/div>\n\t\t\n\t\t<a class=\"elementor-post__read-more\" href=\"https:\/\/conxsolucoes.com.br\/consorcio360\/selic-janeiro-de-2026-e-mantida-em-15-ao-ano\/\" aria-label=\"Leia mais sobre Selic Janeiro de 2026 \u00e9 mantida em 15% ao ano\" tabindex=\"-1\" >\n\t\t\tLeia Mais\t\t<\/a>\n\n\t\t\t\t<\/div>\n\t\t\t\t\t<\/div>\n\t\t<\/article>\n\t\t\t\t<article class=\"elementor-post elementor-grid-item post-488 post type-post status-publish format-standard has-post-thumbnail hentry category-economia\" role=\"listitem\">\n\t\t\t<div class=\"elementor-post__card\">\n\t\t\t\t<a class=\"elementor-post__thumbnail__link\" href=\"https:\/\/conxsolucoes.com.br\/consorcio360\/o-consorcio-ja-influencia-diretamente-as-vendas-no-brasil\/\" tabindex=\"-1\" ><div class=\"elementor-post__thumbnail\"><img decoding=\"async\" width=\"1152\" height=\"866\" src=\"https:\/\/conxsolucoes.com.br\/consorcio360\/wp-content\/uploads\/2026\/02\/de5abf64-dae8-4a74-b2c4-a20f474b6aa5.webp\" class=\"attachment-full size-full wp-image-490\" alt=\"\" srcset=\"https:\/\/conxsolucoes.com.br\/consorcio360\/wp-content\/uploads\/2026\/02\/de5abf64-dae8-4a74-b2c4-a20f474b6aa5.webp 1152w, https:\/\/conxsolucoes.com.br\/consorcio360\/wp-content\/uploads\/2026\/02\/de5abf64-dae8-4a74-b2c4-a20f474b6aa5-300x226.webp 300w, https:\/\/conxsolucoes.com.br\/consorcio360\/wp-content\/uploads\/2026\/02\/de5abf64-dae8-4a74-b2c4-a20f474b6aa5-1024x770.webp 1024w, https:\/\/conxsolucoes.com.br\/consorcio360\/wp-content\/uploads\/2026\/02\/de5abf64-dae8-4a74-b2c4-a20f474b6aa5-768x577.webp 768w\" sizes=\"(max-width: 1152px) 100vw, 1152px\" \/><\/div><\/a>\n\t\t\t\t<div class=\"elementor-post__text\">\n\t\t\t\t<h4 class=\"elementor-post__title\">\n\t\t\t<a href=\"https:\/\/conxsolucoes.com.br\/consorcio360\/o-consorcio-ja-influencia-diretamente-as-vendas-no-brasil\/\" >\n\t\t\t\tO cons\u00f3rcio j\u00e1 influencia diretamente as vendas no Brasil\t\t\t<\/a>\n\t\t<\/h4>\n\t\t\t\t<div class=\"elementor-post__excerpt\">\n\t\t\t<p>Durante muitos anos, o cons\u00f3rcio foi tratado como uma alternativa secund\u00e1ria ao financiamento. Um produto para quem n\u00e3o tinha pressa<\/p>\n\t\t<\/div>\n\t\t\n\t\t<a class=\"elementor-post__read-more\" href=\"https:\/\/conxsolucoes.com.br\/consorcio360\/o-consorcio-ja-influencia-diretamente-as-vendas-no-brasil\/\" aria-label=\"Leia mais sobre O cons\u00f3rcio j\u00e1 influencia diretamente as vendas no Brasil\" tabindex=\"-1\" >\n\t\t\tLeia Mais\t\t<\/a>\n\n\t\t\t\t<\/div>\n\t\t\t\t\t<\/div>\n\t\t<\/article>\n\t\t\t\t<article class=\"elementor-post elementor-grid-item post-483 post type-post status-publish format-standard has-post-thumbnail hentry category-economia\" role=\"listitem\">\n\t\t\t<div class=\"elementor-post__card\">\n\t\t\t\t<a class=\"elementor-post__thumbnail__link\" href=\"https:\/\/conxsolucoes.com.br\/consorcio360\/mercado-de-consorcios-em-alta-os-numeros-da-abac-explicam-o-que-esta-movimentando-o-setor-em-2026\/\" tabindex=\"-1\" ><div class=\"elementor-post__thumbnail\"><img loading=\"lazy\" decoding=\"async\" width=\"1280\" height=\"853\" src=\"https:\/\/conxsolucoes.com.br\/consorcio360\/wp-content\/uploads\/2026\/02\/money-8871616_1280.jpg\" class=\"attachment-full size-full wp-image-486\" alt=\"O mercado de cons\u00f3rcios iniciou 2026 mantendo o ritmo forte de crescimento observado ao longo de 2025. Os dados mais recentes divulgados pela ABAC confirmam que o sistema segue como uma das principais alternativas de aquisi\u00e7\u00e3o planejada no Brasil, tanto para pessoas f\u00edsicas quanto para estrat\u00e9gias patrimoniais e empresariais.\" srcset=\"https:\/\/conxsolucoes.com.br\/consorcio360\/wp-content\/uploads\/2026\/02\/money-8871616_1280.jpg 1280w, https:\/\/conxsolucoes.com.br\/consorcio360\/wp-content\/uploads\/2026\/02\/money-8871616_1280-300x200.jpg 300w, https:\/\/conxsolucoes.com.br\/consorcio360\/wp-content\/uploads\/2026\/02\/money-8871616_1280-1024x682.jpg 1024w, https:\/\/conxsolucoes.com.br\/consorcio360\/wp-content\/uploads\/2026\/02\/money-8871616_1280-768x512.jpg 768w\" sizes=\"(max-width: 1280px) 100vw, 1280px\" \/><\/div><\/a>\n\t\t\t\t<div class=\"elementor-post__text\">\n\t\t\t\t<h4 class=\"elementor-post__title\">\n\t\t\t<a href=\"https:\/\/conxsolucoes.com.br\/consorcio360\/mercado-de-consorcios-em-alta-os-numeros-da-abac-explicam-o-que-esta-movimentando-o-setor-em-2026\/\" >\n\t\t\t\tMercado de Cons\u00f3rcios em Alta: Os n\u00fameros da ABAC explicam o que est\u00e1 movimentando o setor em 2026\t\t\t<\/a>\n\t\t<\/h4>\n\t\t\t\t<div class=\"elementor-post__excerpt\">\n\t\t\t<p>O mercado de cons\u00f3rcios iniciou 2026 mantendo o ritmo forte de crescimento observado ao longo de 2025. Os dados mais<\/p>\n\t\t<\/div>\n\t\t\n\t\t<a class=\"elementor-post__read-more\" href=\"https:\/\/conxsolucoes.com.br\/consorcio360\/mercado-de-consorcios-em-alta-os-numeros-da-abac-explicam-o-que-esta-movimentando-o-setor-em-2026\/\" aria-label=\"Leia mais sobre Mercado de Cons\u00f3rcios em Alta: Os n\u00fameros da ABAC explicam o que est\u00e1 movimentando o setor em 2026\" tabindex=\"-1\" >\n\t\t\tLeia Mais\t\t<\/a>\n\n\t\t\t\t<\/div>\n\t\t\t\t\t<\/div>\n\t\t<\/article>\n\t\t\t\t<article class=\"elementor-post elementor-grid-item post-458 post type-post status-publish format-standard has-post-thumbnail hentry category-blog category-economia\" role=\"listitem\">\n\t\t\t<div class=\"elementor-post__card\">\n\t\t\t\t<a class=\"elementor-post__thumbnail__link\" href=\"https:\/\/conxsolucoes.com.br\/consorcio360\/economia-brasileira-em-setembro-de-2025-e-o-impacto-no-mercado-de-consorcios\/\" tabindex=\"-1\" ><div class=\"elementor-post__thumbnail\"><img loading=\"lazy\" decoding=\"async\" width=\"1200\" height=\"900\" src=\"https:\/\/conxsolucoes.com.br\/consorcio360\/wp-content\/uploads\/2025\/09\/economia-real-o-que-e-como-funciona-e-como-investir-1-1200x900-1.webp\" class=\"attachment-full size-full wp-image-461\" alt=\"Gr\u00e1fico da economia brasileira em setembro de 2025 mostrando juros altos e destaque para o crescimento do mercado de cons\u00f3rcios como alternativa ao financiamento\" srcset=\"https:\/\/conxsolucoes.com.br\/consorcio360\/wp-content\/uploads\/2025\/09\/economia-real-o-que-e-como-funciona-e-como-investir-1-1200x900-1.webp 1200w, https:\/\/conxsolucoes.com.br\/consorcio360\/wp-content\/uploads\/2025\/09\/economia-real-o-que-e-como-funciona-e-como-investir-1-1200x900-1-300x225.jpg 300w, https:\/\/conxsolucoes.com.br\/consorcio360\/wp-content\/uploads\/2025\/09\/economia-real-o-que-e-como-funciona-e-como-investir-1-1200x900-1-1024x768.jpg 1024w, https:\/\/conxsolucoes.com.br\/consorcio360\/wp-content\/uploads\/2025\/09\/economia-real-o-que-e-como-funciona-e-como-investir-1-1200x900-1-768x576.jpg 768w\" sizes=\"(max-width: 1200px) 100vw, 1200px\" \/><\/div><\/a>\n\t\t\t\t<div class=\"elementor-post__text\">\n\t\t\t\t<h4 class=\"elementor-post__title\">\n\t\t\t<a href=\"https:\/\/conxsolucoes.com.br\/consorcio360\/economia-brasileira-em-setembro-de-2025-e-o-impacto-no-mercado-de-consorcios\/\" >\n\t\t\t\tEconomia brasileira em setembro de 2025 e o impacto no mercado de cons\u00f3rcios\t\t\t<\/a>\n\t\t<\/h4>\n\t\t\t\t<div class=\"elementor-post__excerpt\">\n\t\t\t<p>Panorama econ\u00f4mico atual O cen\u00e1rio econ\u00f4mico brasileiro em setembro de 2025 \u00e9 marcado por juros elevados, infla\u00e7\u00e3o controlada, mas ainda<\/p>\n\t\t<\/div>\n\t\t\n\t\t<a class=\"elementor-post__read-more\" href=\"https:\/\/conxsolucoes.com.br\/consorcio360\/economia-brasileira-em-setembro-de-2025-e-o-impacto-no-mercado-de-consorcios\/\" aria-label=\"Leia mais sobre Economia brasileira em setembro de 2025 e o impacto no mercado de cons\u00f3rcios\" tabindex=\"-1\" >\n\t\t\tLeia Mais\t\t<\/a>\n\n\t\t\t\t<\/div>\n\t\t\t\t\t<\/div>\n\t\t<\/article>\n\t\t\t\t<article class=\"elementor-post elementor-grid-item post-404 post type-post status-publish format-standard has-post-thumbnail hentry category-blog category-economia\" role=\"listitem\">\n\t\t\t<div class=\"elementor-post__card\">\n\t\t\t\t<a class=\"elementor-post__thumbnail__link\" href=\"https:\/\/conxsolucoes.com.br\/consorcio360\/selic-maio-2025-copom-eleva-taxa-para-1475-ao-ano\/\" tabindex=\"-1\" ><div class=\"elementor-post__thumbnail\"><img loading=\"lazy\" decoding=\"async\" width=\"1280\" height=\"720\" src=\"https:\/\/conxsolucoes.com.br\/consorcio360\/wp-content\/uploads\/2025\/05\/capa7.webp\" class=\"attachment-full size-full wp-image-407\" alt=\"Copom eleva Selic a 14,75% em maio de 2025. Entenda os impactos para quem vende cons\u00f3rcio e como adaptar sua abordagem comercial no novo cen\u00e1rio.\" srcset=\"https:\/\/conxsolucoes.com.br\/consorcio360\/wp-content\/uploads\/2025\/05\/capa7.webp 1280w, https:\/\/conxsolucoes.com.br\/consorcio360\/wp-content\/uploads\/2025\/05\/capa7-300x169.webp 300w, https:\/\/conxsolucoes.com.br\/consorcio360\/wp-content\/uploads\/2025\/05\/capa7-1024x576.webp 1024w, https:\/\/conxsolucoes.com.br\/consorcio360\/wp-content\/uploads\/2025\/05\/capa7-768x432.webp 768w\" sizes=\"(max-width: 1280px) 100vw, 1280px\" \/><\/div><\/a>\n\t\t\t\t<div class=\"elementor-post__text\">\n\t\t\t\t<h4 class=\"elementor-post__title\">\n\t\t\t<a href=\"https:\/\/conxsolucoes.com.br\/consorcio360\/selic-maio-2025-copom-eleva-taxa-para-1475-ao-ano\/\" >\n\t\t\t\tSelic maio 2025: Copom eleva taxa para 14,75% ao ano\t\t\t<\/a>\n\t\t<\/h4>\n\t\t\t\t<div class=\"elementor-post__excerpt\">\n\t\t\t<p>Na 270\u00aa reuni\u00e3o do Comit\u00ea de Pol\u00edtica Monet\u00e1ria (Copom), realizada nos dias 6 e 7 de maio de 2025, o<\/p>\n\t\t<\/div>\n\t\t\n\t\t<a class=\"elementor-post__read-more\" href=\"https:\/\/conxsolucoes.com.br\/consorcio360\/selic-maio-2025-copom-eleva-taxa-para-1475-ao-ano\/\" aria-label=\"Leia mais sobre Selic maio 2025: Copom eleva taxa para 14,75% ao ano\" tabindex=\"-1\" >\n\t\t\tLeia Mais\t\t<\/a>\n\n\t\t\t\t<\/div>\n\t\t\t\t\t<\/div>\n\t\t<\/article>\n\t\t\t\t<\/div>\n\t\t\n\t\t\t\t\t\t<\/div>\n\t\t\t\t<\/div>\n\t\t\t\t\t<\/div>\n\t\t\t\t<\/div>\n\t\t\t\t<\/div>\n\t\t","protected":false},"excerpt":{"rendered":"","protected":false},"author":1,"featured_media":0,"parent":0,"menu_order":0,"comment_status":"closed","ping_status":"closed","template":"","meta":{"om_disable_all_campaigns":false,"_monsterinsights_skip_tracking":false,"_monsterinsights_sitenote_active":false,"_monsterinsights_sitenote_note":"","_monsterinsights_sitenote_category":0,"footnotes":""},"class_list":["post-281","page","type-page","status-publish","hentry"],"aioseo_notices":[],"_links":{"self":[{"href":"https:\/\/conxsolucoes.com.br\/consorcio360\/wp-json\/wp\/v2\/pages\/281","targetHints":{"allow":["GET"]}}],"collection":[{"href":"https:\/\/conxsolucoes.com.br\/consorcio360\/wp-json\/wp\/v2\/pages"}],"about":[{"href":"https:\/\/conxsolucoes.com.br\/consorcio360\/wp-json\/wp\/v2\/types\/page"}],"author":[{"embeddable":true,"href":"https:\/\/conxsolucoes.com.br\/consorcio360\/wp-json\/wp\/v2\/users\/1"}],"replies":[{"embeddable":true,"href":"https:\/\/conxsolucoes.com.br\/consorcio360\/wp-json\/wp\/v2\/comments?post=281"}],"version-history":[{"count":5,"href":"https:\/\/conxsolucoes.com.br\/consorcio360\/wp-json\/wp\/v2\/pages\/281\/revisions"}],"predecessor-version":[{"id":414,"href":"https:\/\/conxsolucoes.com.br\/consorcio360\/wp-json\/wp\/v2\/pages\/281\/revisions\/414"}],"wp:attachment":[{"href":"https:\/\/conxsolucoes.com.br\/consorcio360\/wp-json\/wp\/v2\/media?parent=281"}],"curies":[{"name":"wp","href":"https:\/\/api.w.org\/{rel}","templated":true}]}}