{"id":381,"date":"2025-05-05T12:15:10","date_gmt":"2025-05-05T12:15:10","guid":{"rendered":"https:\/\/conxsolucoes.com.br\/consorcio360\/?page_id=381"},"modified":"2025-05-05T12:16:45","modified_gmt":"2025-05-05T12:16:45","slug":"conx","status":"publish","type":"page","link":"https:\/\/conxsolucoes.com.br\/consorcio360\/conx\/","title":{"rendered":"A Conx"},"content":{"rendered":"\t\t<div data-elementor-type=\"wp-page\" data-elementor-id=\"381\" class=\"elementor elementor-381\" data-elementor-post-type=\"page\">\n\t\t\t\t<div class=\"elementor-element elementor-element-0c04d98 e-flex e-con-boxed e-con e-parent\" data-id=\"0c04d98\" data-element_type=\"container\" data-e-type=\"container\">\n\t\t\t\t\t<div class=\"e-con-inner\">\n\t\t\t\t<div class=\"elementor-element elementor-element-a0934ba elementor-posts__hover-none elementor-grid-3 elementor-grid-tablet-2 elementor-grid-mobile-1 elementor-posts--thumbnail-top elementor-widget elementor-widget-posts\" data-id=\"a0934ba\" data-element_type=\"widget\" data-e-type=\"widget\" data-settings=\"{&quot;cards_row_gap&quot;:{&quot;unit&quot;:&quot;px&quot;,&quot;size&quot;:80,&quot;sizes&quot;:[]},&quot;cards_row_gap_tablet&quot;:{&quot;unit&quot;:&quot;px&quot;,&quot;size&quot;:71,&quot;sizes&quot;:[]},&quot;cards_row_gap_mobile&quot;:{&quot;unit&quot;:&quot;px&quot;,&quot;size&quot;:30,&quot;sizes&quot;:[]},&quot;cards_columns&quot;:&quot;3&quot;,&quot;cards_columns_tablet&quot;:&quot;2&quot;,&quot;cards_columns_mobile&quot;:&quot;1&quot;}\" data-widget_type=\"posts.cards\">\n\t\t\t\t<div class=\"elementor-widget-container\">\n\t\t\t\t\t\t\t<div class=\"elementor-posts-container elementor-posts elementor-posts--skin-cards elementor-grid\" role=\"list\">\n\t\t\t\t<article class=\"elementor-post elementor-grid-item post-476 post type-post status-publish format-standard has-post-thumbnail hentry category-a-conx\" role=\"listitem\">\n\t\t\t<div class=\"elementor-post__card\">\n\t\t\t\t<a class=\"elementor-post__thumbnail__link\" href=\"https:\/\/conxsolucoes.com.br\/consorcio360\/conx-solucoes-anuncia-nova-parceria-estrategica-com-a-volkswagen-consorcios\/\" tabindex=\"-1\" ><div class=\"elementor-post__thumbnail\"><img fetchpriority=\"high\" decoding=\"async\" width=\"1280\" height=\"960\" src=\"https:\/\/conxsolucoes.com.br\/consorcio360\/wp-content\/uploads\/2025\/12\/WhatsApp-Image-2025-12-11-at-10-1.webp\" class=\"attachment-full size-full wp-image-477\" alt=\"\" srcset=\"https:\/\/conxsolucoes.com.br\/consorcio360\/wp-content\/uploads\/2025\/12\/WhatsApp-Image-2025-12-11-at-10-1.webp 1280w, https:\/\/conxsolucoes.com.br\/consorcio360\/wp-content\/uploads\/2025\/12\/WhatsApp-Image-2025-12-11-at-10-1-300x225.webp 300w, https:\/\/conxsolucoes.com.br\/consorcio360\/wp-content\/uploads\/2025\/12\/WhatsApp-Image-2025-12-11-at-10-1-1024x768.webp 1024w, https:\/\/conxsolucoes.com.br\/consorcio360\/wp-content\/uploads\/2025\/12\/WhatsApp-Image-2025-12-11-at-10-1-768x576.webp 768w\" sizes=\"(max-width: 1280px) 100vw, 1280px\" \/><\/div><\/a>\n\t\t\t\t<div class=\"elementor-post__text\">\n\t\t\t\t<h4 class=\"elementor-post__title\">\n\t\t\t<a href=\"https:\/\/conxsolucoes.com.br\/consorcio360\/conx-solucoes-anuncia-nova-parceria-estrategica-com-a-volkswagen-consorcios\/\" >\n\t\t\t\tConx Solu\u00e7\u00f5es anuncia nova parceria estrat\u00e9gica com a Volkswagen Cons\u00f3rcios\t\t\t<\/a>\n\t\t<\/h4>\n\t\t\t\t<div class=\"elementor-post__excerpt\">\n\t\t\t<p>A Conx Solu\u00e7\u00f5es inicia uma nova fase com a chegada de uma parceria estrat\u00e9gica com a Volkswagen Cons\u00f3rcios. Essa uni\u00e3o<\/p>\n\t\t<\/div>\n\t\t\n\t\t<a class=\"elementor-post__read-more\" href=\"https:\/\/conxsolucoes.com.br\/consorcio360\/conx-solucoes-anuncia-nova-parceria-estrategica-com-a-volkswagen-consorcios\/\" aria-label=\"Leia mais sobre Conx Solu\u00e7\u00f5es anuncia nova parceria estrat\u00e9gica com a Volkswagen Cons\u00f3rcios\" tabindex=\"-1\" >\n\t\t\tLeia Mais\t\t<\/a>\n\n\t\t\t\t<\/div>\n\t\t\t\t\t<\/div>\n\t\t<\/article>\n\t\t\t\t<article class=\"elementor-post elementor-grid-item post-468 post type-post status-publish format-standard has-post-thumbnail hentry category-a-conx category-blog\" role=\"listitem\">\n\t\t\t<div class=\"elementor-post__card\">\n\t\t\t\t<a class=\"elementor-post__thumbnail__link\" href=\"https:\/\/conxsolucoes.com.br\/consorcio360\/conx-anuncia-parceria-oficial-com-o-consorcio-ancora-para-expansao-de-representantes-autorizados-no-brasil\/\" tabindex=\"-1\" ><div class=\"elementor-post__thumbnail\"><img decoding=\"async\" width=\"960\" height=\"528\" src=\"https:\/\/conxsolucoes.com.br\/consorcio360\/wp-content\/uploads\/2025\/11\/583698073_17989779524859944_6129212406840816516_n.jpg\" class=\"attachment-full size-full wp-image-480\" alt=\"\" srcset=\"https:\/\/conxsolucoes.com.br\/consorcio360\/wp-content\/uploads\/2025\/11\/583698073_17989779524859944_6129212406840816516_n.jpg 960w, https:\/\/conxsolucoes.com.br\/consorcio360\/wp-content\/uploads\/2025\/11\/583698073_17989779524859944_6129212406840816516_n-300x165.jpg 300w, https:\/\/conxsolucoes.com.br\/consorcio360\/wp-content\/uploads\/2025\/11\/583698073_17989779524859944_6129212406840816516_n-768x422.jpg 768w\" sizes=\"(max-width: 960px) 100vw, 960px\" \/><\/div><\/a>\n\t\t\t\t<div class=\"elementor-post__text\">\n\t\t\t\t<h4 class=\"elementor-post__title\">\n\t\t\t<a href=\"https:\/\/conxsolucoes.com.br\/consorcio360\/conx-anuncia-parceria-oficial-com-o-consorcio-ancora-para-expansao-de-representantes-autorizados-no-brasil\/\" >\n\t\t\t\tCONX anuncia parceria oficial com o Cons\u00f3rcio \u00c2ncora para expans\u00e3o de representantes autorizados no Brasil\t\t\t<\/a>\n\t\t<\/h4>\n\t\t\t\t<div class=\"elementor-post__excerpt\">\n\t\t\t<p>A CONX passa a integrar sua estrutura tecnol\u00f3gica, comercial e operacional ao modelo da \u00c2ncora, ampliando as possibilidades para profissionais<\/p>\n\t\t<\/div>\n\t\t\n\t\t<a class=\"elementor-post__read-more\" href=\"https:\/\/conxsolucoes.com.br\/consorcio360\/conx-anuncia-parceria-oficial-com-o-consorcio-ancora-para-expansao-de-representantes-autorizados-no-brasil\/\" aria-label=\"Leia mais sobre CONX anuncia parceria oficial com o Cons\u00f3rcio \u00c2ncora para expans\u00e3o de representantes autorizados no Brasil\" tabindex=\"-1\" >\n\t\t\tLeia Mais\t\t<\/a>\n\n\t\t\t\t<\/div>\n\t\t\t\t\t<\/div>\n\t\t<\/article>\n\t\t\t\t<article class=\"elementor-post elementor-grid-item post-463 post type-post status-publish format-standard has-post-thumbnail hentry category-a-conx category-blog\" role=\"listitem\">\n\t\t\t<div class=\"elementor-post__card\">\n\t\t\t\t<a class=\"elementor-post__thumbnail__link\" href=\"https:\/\/conxsolucoes.com.br\/consorcio360\/conx-e-embracon-firmam-parceria-estrategica-e-ampliam-oportunidades-no-mercado-de-consorcios\/\" tabindex=\"-1\" ><div class=\"elementor-post__thumbnail\"><img decoding=\"async\" width=\"1080\" height=\"1079\" src=\"https:\/\/conxsolucoes.com.br\/consorcio360\/wp-content\/uploads\/2025\/11\/572947236_17987928419859944_5766895711084858117_n.webp\" class=\"attachment-full size-full wp-image-481\" alt=\"\" srcset=\"https:\/\/conxsolucoes.com.br\/consorcio360\/wp-content\/uploads\/2025\/11\/572947236_17987928419859944_5766895711084858117_n.webp 1080w, https:\/\/conxsolucoes.com.br\/consorcio360\/wp-content\/uploads\/2025\/11\/572947236_17987928419859944_5766895711084858117_n-300x300.webp 300w, https:\/\/conxsolucoes.com.br\/consorcio360\/wp-content\/uploads\/2025\/11\/572947236_17987928419859944_5766895711084858117_n-1024x1024.webp 1024w, https:\/\/conxsolucoes.com.br\/consorcio360\/wp-content\/uploads\/2025\/11\/572947236_17987928419859944_5766895711084858117_n-150x150.webp 150w, https:\/\/conxsolucoes.com.br\/consorcio360\/wp-content\/uploads\/2025\/11\/572947236_17987928419859944_5766895711084858117_n-768x767.webp 768w\" sizes=\"(max-width: 1080px) 100vw, 1080px\" \/><\/div><\/a>\n\t\t\t\t<div class=\"elementor-post__text\">\n\t\t\t\t<h4 class=\"elementor-post__title\">\n\t\t\t<a href=\"https:\/\/conxsolucoes.com.br\/consorcio360\/conx-e-embracon-firmam-parceria-estrategica-e-ampliam-oportunidades-no-mercado-de-consorcios\/\" >\n\t\t\t\tConx e Embracon firmam parceria estrat\u00e9gica e ampliam oportunidades no mercado de cons\u00f3rcios\t\t\t<\/a>\n\t\t<\/h4>\n\t\t\t\t<div class=\"elementor-post__excerpt\">\n\t\t\t<p>O mercado de cons\u00f3rcios vive uma nova fase de expans\u00e3o no Brasil. Cada vez mais profissionais buscam solu\u00e7\u00f5es seguras, rent\u00e1veis<\/p>\n\t\t<\/div>\n\t\t\n\t\t<a class=\"elementor-post__read-more\" href=\"https:\/\/conxsolucoes.com.br\/consorcio360\/conx-e-embracon-firmam-parceria-estrategica-e-ampliam-oportunidades-no-mercado-de-consorcios\/\" aria-label=\"Leia mais sobre Conx e Embracon firmam parceria estrat\u00e9gica e ampliam oportunidades no mercado de cons\u00f3rcios\" tabindex=\"-1\" >\n\t\t\tLeia Mais\t\t<\/a>\n\n\t\t\t\t<\/div>\n\t\t\t\t\t<\/div>\n\t\t<\/article>\n\t\t\t\t<article class=\"elementor-post elementor-grid-item post-443 post type-post status-publish format-standard has-post-thumbnail hentry category-a-conx category-tecnicas-de-venda\" role=\"listitem\">\n\t\t\t<div class=\"elementor-post__card\">\n\t\t\t\t<a class=\"elementor-post__thumbnail__link\" href=\"https:\/\/conxsolucoes.com.br\/consorcio360\/tipos-de-grupos-de-consorcio-como-escolher-o-certo-para-cada-cliente\/\" tabindex=\"-1\" ><div class=\"elementor-post__thumbnail\"><img loading=\"lazy\" decoding=\"async\" width=\"740\" height=\"493\" src=\"https:\/\/conxsolucoes.com.br\/consorcio360\/wp-content\/uploads\/2025\/07\/conx-santander-.avif\" class=\"attachment-full size-full wp-image-445\" alt=\"Voc\u00ea sabe a diferen\u00e7a entre grupo em forma\u00e7\u00e3o e grupo em andamento no cons\u00f3rcio Santander? Descubra como escolher o grupo ideal e vender com mais seguran\u00e7a.\" srcset=\"https:\/\/conxsolucoes.com.br\/consorcio360\/wp-content\/uploads\/2025\/07\/conx-santander-.avif 740w, https:\/\/conxsolucoes.com.br\/consorcio360\/wp-content\/uploads\/2025\/07\/conx-santander--300x200.avif 300w\" sizes=\"(max-width: 740px) 100vw, 740px\" \/><\/div><\/a>\n\t\t\t\t<div class=\"elementor-post__text\">\n\t\t\t\t<h4 class=\"elementor-post__title\">\n\t\t\t<a href=\"https:\/\/conxsolucoes.com.br\/consorcio360\/tipos-de-grupos-de-consorcio-como-escolher-o-certo-para-cada-cliente\/\" >\n\t\t\t\tTipos de grupos de cons\u00f3rcio: como escolher o certo para cada cliente\t\t\t<\/a>\n\t\t<\/h4>\n\t\t\t\t<div class=\"elementor-post__excerpt\">\n\t\t\t<p>Tipos de grupos no cons\u00f3rcio s\u00e3o uma das primeiras coisas que um vendedor precisa dominar. Quem entende essa l\u00f3gica tem<\/p>\n\t\t<\/div>\n\t\t\n\t\t<a class=\"elementor-post__read-more\" href=\"https:\/\/conxsolucoes.com.br\/consorcio360\/tipos-de-grupos-de-consorcio-como-escolher-o-certo-para-cada-cliente\/\" aria-label=\"Leia mais sobre Tipos de grupos de cons\u00f3rcio: como escolher o certo para cada cliente\" tabindex=\"-1\" >\n\t\t\tLeia Mais\t\t<\/a>\n\n\t\t\t\t<\/div>\n\t\t\t\t\t<\/div>\n\t\t<\/article>\n\t\t\t\t<article class=\"elementor-post elementor-grid-item post-435 post type-post status-publish format-standard has-post-thumbnail hentry category-a-conx category-tecnicas-de-venda\" role=\"listitem\">\n\t\t\t<div class=\"elementor-post__card\">\n\t\t\t\t<a class=\"elementor-post__thumbnail__link\" href=\"https:\/\/conxsolucoes.com.br\/consorcio360\/contemplacao-por-lance-o-que-todo-vendedor-de-consorcio-santander-precisa-saber-para-explicar-com-seguranca\/\" tabindex=\"-1\" ><div class=\"elementor-post__thumbnail\"><img loading=\"lazy\" decoding=\"async\" width=\"1200\" height=\"628\" src=\"https:\/\/conxsolucoes.com.br\/consorcio360\/wp-content\/uploads\/2025\/07\/imagem_escritorio_wordpress_1200x628.webp\" class=\"attachment-full size-full wp-image-437\" alt=\"Entenda como funciona a contempla\u00e7\u00e3o por lance no Cons\u00f3rcio Santander e aprenda a explicar com clareza as tr\u00eas formas de oferta ao cliente.\" srcset=\"https:\/\/conxsolucoes.com.br\/consorcio360\/wp-content\/uploads\/2025\/07\/imagem_escritorio_wordpress_1200x628.webp 1200w, https:\/\/conxsolucoes.com.br\/consorcio360\/wp-content\/uploads\/2025\/07\/imagem_escritorio_wordpress_1200x628-300x157.webp 300w, https:\/\/conxsolucoes.com.br\/consorcio360\/wp-content\/uploads\/2025\/07\/imagem_escritorio_wordpress_1200x628-1024x536.webp 1024w, https:\/\/conxsolucoes.com.br\/consorcio360\/wp-content\/uploads\/2025\/07\/imagem_escritorio_wordpress_1200x628-768x402.webp 768w\" sizes=\"(max-width: 1200px) 100vw, 1200px\" \/><\/div><\/a>\n\t\t\t\t<div class=\"elementor-post__text\">\n\t\t\t\t<h4 class=\"elementor-post__title\">\n\t\t\t<a href=\"https:\/\/conxsolucoes.com.br\/consorcio360\/contemplacao-por-lance-o-que-todo-vendedor-de-consorcio-santander-precisa-saber-para-explicar-com-seguranca\/\" >\n\t\t\t\tContempla\u00e7\u00e3o por lance: o que todo vendedor de cons\u00f3rcio Santander precisa saber para explicar com seguran\u00e7a\t\t\t<\/a>\n\t\t<\/h4>\n\t\t\t\t<div class=\"elementor-post__excerpt\">\n\t\t\t<p>A contempla\u00e7\u00e3o por lance ainda \u00e9 um dos assuntos que mais geram d\u00favidas, tanto no cliente quanto em muitos vendedores.<\/p>\n\t\t<\/div>\n\t\t\n\t\t<a class=\"elementor-post__read-more\" href=\"https:\/\/conxsolucoes.com.br\/consorcio360\/contemplacao-por-lance-o-que-todo-vendedor-de-consorcio-santander-precisa-saber-para-explicar-com-seguranca\/\" aria-label=\"Leia mais sobre Contempla\u00e7\u00e3o por lance: o que todo vendedor de cons\u00f3rcio Santander precisa saber para explicar com seguran\u00e7a\" tabindex=\"-1\" >\n\t\t\tLeia Mais\t\t<\/a>\n\n\t\t\t\t<\/div>\n\t\t\t\t\t<\/div>\n\t\t<\/article>\n\t\t\t\t<article class=\"elementor-post elementor-grid-item post-429 post type-post status-publish format-standard has-post-thumbnail hentry category-a-conx category-tecnicas-de-venda\" role=\"listitem\">\n\t\t\t<div class=\"elementor-post__card\">\n\t\t\t\t<a class=\"elementor-post__thumbnail__link\" href=\"https:\/\/conxsolucoes.com.br\/consorcio360\/o-que-sao-as-taxas-do-consorcio-santander-entenda-antes-de-vender-ou-contratar\/\" tabindex=\"-1\" ><div class=\"elementor-post__thumbnail\"><img loading=\"lazy\" decoding=\"async\" width=\"1920\" height=\"1280\" src=\"https:\/\/conxsolucoes.com.br\/consorcio360\/wp-content\/uploads\/2025\/06\/homem-de-negocios-proprietario-da-empresa-no-escritorio-scaled.webp\" class=\"attachment-full size-full wp-image-431\" alt=\"Consultor financeiro explicando taxas de cons\u00f3rcio para cliente em reuni\u00e3o profissional\" srcset=\"https:\/\/conxsolucoes.com.br\/consorcio360\/wp-content\/uploads\/2025\/06\/homem-de-negocios-proprietario-da-empresa-no-escritorio-scaled.webp 1920w, https:\/\/conxsolucoes.com.br\/consorcio360\/wp-content\/uploads\/2025\/06\/homem-de-negocios-proprietario-da-empresa-no-escritorio-300x200.webp 300w, https:\/\/conxsolucoes.com.br\/consorcio360\/wp-content\/uploads\/2025\/06\/homem-de-negocios-proprietario-da-empresa-no-escritorio-1024x683.webp 1024w, https:\/\/conxsolucoes.com.br\/consorcio360\/wp-content\/uploads\/2025\/06\/homem-de-negocios-proprietario-da-empresa-no-escritorio-768x512.jpg 768w, https:\/\/conxsolucoes.com.br\/consorcio360\/wp-content\/uploads\/2025\/06\/homem-de-negocios-proprietario-da-empresa-no-escritorio-1536x1024.jpg 1536w, https:\/\/conxsolucoes.com.br\/consorcio360\/wp-content\/uploads\/2025\/06\/homem-de-negocios-proprietario-da-empresa-no-escritorio-2048x1365.jpg 2048w\" sizes=\"(max-width: 1920px) 100vw, 1920px\" \/><\/div><\/a>\n\t\t\t\t<div class=\"elementor-post__text\">\n\t\t\t\t<h4 class=\"elementor-post__title\">\n\t\t\t<a href=\"https:\/\/conxsolucoes.com.br\/consorcio360\/o-que-sao-as-taxas-do-consorcio-santander-entenda-antes-de-vender-ou-contratar\/\" >\n\t\t\t\tO que s\u00e3o as taxas do Cons\u00f3rcio Santander? Entenda antes de vender\t\t\t<\/a>\n\t\t<\/h4>\n\t\t\t\t<div class=\"elementor-post__excerpt\">\n\t\t\t<p>Quando falamos em cons\u00f3rcio, \u00e9 comum que clientes tenham d\u00favidas sobre os custos envolvidos. E n\u00e3o \u00e9 por acaso: entender<\/p>\n\t\t<\/div>\n\t\t\n\t\t<a class=\"elementor-post__read-more\" href=\"https:\/\/conxsolucoes.com.br\/consorcio360\/o-que-sao-as-taxas-do-consorcio-santander-entenda-antes-de-vender-ou-contratar\/\" aria-label=\"Leia mais sobre O que s\u00e3o as taxas do Cons\u00f3rcio Santander? Entenda antes de vender\" tabindex=\"-1\" >\n\t\t\tLeia Mais\t\t<\/a>\n\n\t\t\t\t<\/div>\n\t\t\t\t\t<\/div>\n\t\t<\/article>\n\t\t\t\t<\/div>\n\t\t\n\t\t\t\t\t\t<\/div>\n\t\t\t\t<\/div>\n\t\t\t\t\t<\/div>\n\t\t\t\t<\/div>\n\t\t\t\t<\/div>\n\t\t","protected":false},"excerpt":{"rendered":"","protected":false},"author":1,"featured_media":0,"parent":0,"menu_order":0,"comment_status":"closed","ping_status":"closed","template":"","meta":{"om_disable_all_campaigns":false,"_monsterinsights_skip_tracking":false,"_monsterinsights_sitenote_active":false,"_monsterinsights_sitenote_note":"","_monsterinsights_sitenote_category":0,"footnotes":""},"class_list":["post-381","page","type-page","status-publish","hentry"],"aioseo_notices":[],"_links":{"self":[{"href":"https:\/\/conxsolucoes.com.br\/consorcio360\/wp-json\/wp\/v2\/pages\/381","targetHints":{"allow":["GET"]}}],"collection":[{"href":"https:\/\/conxsolucoes.com.br\/consorcio360\/wp-json\/wp\/v2\/pages"}],"about":[{"href":"https:\/\/conxsolucoes.com.br\/consorcio360\/wp-json\/wp\/v2\/types\/page"}],"author":[{"embeddable":true,"href":"https:\/\/conxsolucoes.com.br\/consorcio360\/wp-json\/wp\/v2\/users\/1"}],"replies":[{"embeddable":true,"href":"https:\/\/conxsolucoes.com.br\/consorcio360\/wp-json\/wp\/v2\/comments?post=381"}],"version-history":[{"count":4,"href":"https:\/\/conxsolucoes.com.br\/consorcio360\/wp-json\/wp\/v2\/pages\/381\/revisions"}],"predecessor-version":[{"id":385,"href":"https:\/\/conxsolucoes.com.br\/consorcio360\/wp-json\/wp\/v2\/pages\/381\/revisions\/385"}],"wp:attachment":[{"href":"https:\/\/conxsolucoes.com.br\/consorcio360\/wp-json\/wp\/v2\/media?parent=381"}],"curies":[{"name":"wp","href":"https:\/\/api.w.org\/{rel}","templated":true}]}}